{"id":7452,"date":"2025-02-26T07:49:10","date_gmt":"2025-02-26T07:49:10","guid":{"rendered":"https:\/\/urbyser.com\/?post_type=product&#038;p=7452"},"modified":"2025-03-03T16:11:28","modified_gmt":"2025-03-03T16:11:28","slug":"banco-madera-personalizable","status":"publish","type":"product","link":"https:\/\/urbyser.com\/en\/producto\/banco-madera-personalizable\/","title":{"rendered":"Banco madera personalizable"},"content":{"rendered":"\t\t<div data-elementor-type=\"product-post\" data-elementor-id=\"7452\" class=\"elementor elementor-7452\" data-elementor-post-type=\"product\">\n\t\t\t\t\t\t<section class=\"elementor-section elementor-top-section elementor-element elementor-element-3b40da4d elementor-section-boxed elementor-section-height-default elementor-section-height-default\" data-id=\"3b40da4d\" data-element_type=\"section\">\n\t\t\t\t\t\t<div class=\"elementor-container elementor-column-gap-default\">\n\t\t\t\t\t<div class=\"elementor-column elementor-col-100 elementor-top-column elementor-element elementor-element-4019143c\" data-id=\"4019143c\" data-element_type=\"column\">\n\t\t\t<div class=\"elementor-widget-wrap elementor-element-populated\">\n\t\t\t\t\t\t<div class=\"elementor-element elementor-element-122cca67 elementor-widget elementor-widget-text-editor\" data-id=\"122cca67\" data-element_type=\"widget\" data-widget_type=\"text-editor.default\">\n\t\t\t\t<div class=\"elementor-widget-container\">\n\t\t\t\t\t\t\t\t\t<p style=\"text-align: left;\">Alcorque\u00a0realizado en fundici\u00f3n d\u00factil y acabado en color oxir\u00f3n negro. 800mm y 1000mm formado en 2 piezas y 1200mm en 4 piezas. Marcos y torniller\u00eda no incluidos.<\/p><p style=\"text-align: left;\">-Gama: Alcorque fundicion ductil<\/p><p style=\"text-align: left;\">-Materiales: Fundicion ductil<\/p><p style=\"text-align: left;\">-Medidas \u2013 3 opciones:<\/p><ul style=\"text-align: left;\"><li><p>Exterior: 800\u00d7800mm, Interior: \u00d8 400mm<\/p><\/li><li><p>Exterior: 1000\u00d71000mm, Interior: \u00d8 450mm<\/p><\/li><li><p>Exterior: 1200\u00d71200mm, Interior: \u00d8 800mm<\/p><\/li><\/ul><p style=\"text-align: left;\">-Color: \u00a0oxiron negro<\/p>\t\t\t\t\t\t\t\t<\/div>\n\t\t\t\t<\/div>\n\t\t\t\t\t<\/div>\n\t\t<\/div>\n\t\t\t\t\t<\/div>\n\t\t<\/section>\n\t\t\t\t<\/div>\n\t\t","protected":false},"excerpt":{"rendered":"<h5 style=\"text-align: center;\">AM03-07<\/h5>\n<h6 style=\"text-align: left;\">Descripci\u00f3n<\/h6>\n<p>Banco formado por seis tablones de medidas 1800 x 110 x 35 mm de madera barnizados para exterior con barniz especifico incoloro de calidad. Pies de acero pintado y lacados al horno, capa de imprimaci\u00f3n epoxi y un \u00faltimo recubrimiento de pintura poli\u00e9ster en polvo color martel\u00e9. Toda la torniller\u00eda es cincada o acero inoxidable.<\/p>\n<div style=\"text-align: left;\"><\/div>\n<div style=\"text-align: center;\"><a  class=\"button  button_size_1\"  href=\"https:\/\/urbyser.com\/wp-content\/uploads\/2025\/02\/FICHA-TECNICA-ALCORQUE-MODELO-01.pdf\" style=\"background-color:#a3a8ac!important;\" target=\"_blank\"   ><span class=\"button_label\">FICHA T\u00c9CNICA<\/span><\/a>\n<\/div>\n<div style=\"text-align: left;\"><\/div>\n<div style=\"text-align: left;\"><\/div>\n","protected":false},"featured_media":7466,"template":"","meta":{"inline_featured_image":false},"product_brand":[],"product_cat":[128],"product_tag":[],"class_list":{"0":"post-7452","1":"product","2":"type-product","3":"status-publish","4":"has-post-thumbnail","6":"product_cat-bancos","8":"first","9":"instock","10":"shipping-taxable","11":"purchasable","12":"product-type-variable"},"yoast_head":"<!-- This site is optimized with the Yoast SEO plugin v21.5 - https:\/\/yoast.com\/wordpress\/plugins\/seo\/ -->\n<title>Banco madera personalizable - Urbyser<\/title>\n<meta name=\"robots\" content=\"index, follow, max-snippet:-1, max-image-preview:large, max-video-preview:-1\" \/>\n<link rel=\"canonical\" href=\"https:\/\/urbyser.com\/producto\/banco-madera-personalizable\/\" \/>\n<meta property=\"og:locale\" content=\"en_US\" \/>\n<meta property=\"og:type\" content=\"article\" \/>\n<meta property=\"og:title\" content=\"Banco madera personalizable - Urbyser\" \/>\n<meta property=\"og:description\" content=\"AM03-07 Descripci\u00f3n Banco formado por seis tablones de medidas 1800 x 110 x 35 mm de madera barnizados para exterior con barniz especifico incoloro de calidad. Pies de acero pintado y lacados al horno, capa de imprimaci\u00f3n epoxi y un \u00faltimo recubrimiento de pintura poli\u00e9ster en polvo color martel\u00e9. Toda la torniller\u00eda es cincada o acero inoxidable.\" \/>\n<meta property=\"og:url\" content=\"https:\/\/urbyser.com\/producto\/banco-madera-personalizable\/\" \/>\n<meta property=\"og:site_name\" content=\"Urbyser\" \/>\n<meta property=\"article:modified_time\" content=\"2025-03-03T16:11:28+00:00\" \/>\n<meta property=\"og:image\" content=\"https:\/\/urbyser.com\/wp-content\/uploads\/2025\/02\/thumbnail_image001.png\" \/>\n\t<meta property=\"og:image:width\" content=\"402\" \/>\n\t<meta property=\"og:image:height\" content=\"276\" \/>\n\t<meta property=\"og:image:type\" content=\"image\/png\" \/>\n<meta name=\"twitter:card\" content=\"summary_large_image\" \/>\n<meta name=\"twitter:label1\" content=\"Est. reading time\" \/>\n\t<meta name=\"twitter:data1\" content=\"1 minute\" \/>\n<script type=\"application\/ld+json\" class=\"yoast-schema-graph\">{\"@context\":\"https:\/\/schema.org\",\"@graph\":[{\"@type\":\"WebPage\",\"@id\":\"https:\/\/urbyser.com\/producto\/banco-madera-personalizable\/\",\"url\":\"https:\/\/urbyser.com\/producto\/banco-madera-personalizable\/\",\"name\":\"Banco madera personalizable - Urbyser\",\"isPartOf\":{\"@id\":\"https:\/\/urbyser.com\/#website\"},\"datePublished\":\"2025-02-26T07:49:10+00:00\",\"dateModified\":\"2025-03-03T16:11:28+00:00\",\"breadcrumb\":{\"@id\":\"https:\/\/urbyser.com\/producto\/banco-madera-personalizable\/#breadcrumb\"},\"inLanguage\":\"en-US\",\"potentialAction\":[{\"@type\":\"ReadAction\",\"target\":[\"https:\/\/urbyser.com\/producto\/banco-madera-personalizable\/\"]}]},{\"@type\":\"BreadcrumbList\",\"@id\":\"https:\/\/urbyser.com\/producto\/banco-madera-personalizable\/#breadcrumb\",\"itemListElement\":[{\"@type\":\"ListItem\",\"position\":1,\"name\":\"Portada\",\"item\":\"https:\/\/urbyser.com\/en\/\"},{\"@type\":\"ListItem\",\"position\":2,\"name\":\"Shop\",\"item\":\"https:\/\/urbyser.com\/en\/shop\/\"},{\"@type\":\"ListItem\",\"position\":3,\"name\":\"Banco madera personalizable\"}]},{\"@type\":\"WebSite\",\"@id\":\"https:\/\/urbyser.com\/#website\",\"url\":\"https:\/\/urbyser.com\/\",\"name\":\"Urbyser\",\"description\":\"\",\"publisher\":{\"@id\":\"https:\/\/urbyser.com\/#organization\"},\"potentialAction\":[{\"@type\":\"SearchAction\",\"target\":{\"@type\":\"EntryPoint\",\"urlTemplate\":\"https:\/\/urbyser.com\/?s={search_term_string}\"},\"query-input\":\"required name=search_term_string\"}],\"inLanguage\":\"en-US\"},{\"@type\":\"Organization\",\"@id\":\"https:\/\/urbyser.com\/#organization\",\"name\":\"Urbyser\",\"url\":\"https:\/\/urbyser.com\/\",\"logo\":{\"@type\":\"ImageObject\",\"inLanguage\":\"en-US\",\"@id\":\"https:\/\/urbyser.com\/#\/schema\/logo\/image\/\",\"url\":\"https:\/\/urbyser.com\/wp-content\/uploads\/2023\/08\/04_logo.png\",\"contentUrl\":\"https:\/\/urbyser.com\/wp-content\/uploads\/2023\/08\/04_logo.png\",\"width\":224,\"height\":39,\"caption\":\"Urbyser\"},\"image\":{\"@id\":\"https:\/\/urbyser.com\/#\/schema\/logo\/image\/\"}}]}<\/script>\n<!-- \/ Yoast SEO plugin. -->","yoast_head_json":{"title":"Banco madera personalizable - Urbyser","robots":{"index":"index","follow":"follow","max-snippet":"max-snippet:-1","max-image-preview":"max-image-preview:large","max-video-preview":"max-video-preview:-1"},"canonical":"https:\/\/urbyser.com\/producto\/banco-madera-personalizable\/","og_locale":"en_US","og_type":"article","og_title":"Banco madera personalizable - Urbyser","og_description":"AM03-07 Descripci\u00f3n Banco formado por seis tablones de medidas 1800 x 110 x 35 mm de madera barnizados para exterior con barniz especifico incoloro de calidad. Pies de acero pintado y lacados al horno, capa de imprimaci\u00f3n epoxi y un \u00faltimo recubrimiento de pintura poli\u00e9ster en polvo color martel\u00e9. Toda la torniller\u00eda es cincada o acero inoxidable.","og_url":"https:\/\/urbyser.com\/producto\/banco-madera-personalizable\/","og_site_name":"Urbyser","article_modified_time":"2025-03-03T16:11:28+00:00","og_image":[{"width":402,"height":276,"url":"https:\/\/urbyser.com\/wp-content\/uploads\/2025\/02\/thumbnail_image001.png","type":"image\/png"}],"twitter_card":"summary_large_image","twitter_misc":{"Est. reading time":"1 minute"},"schema":{"@context":"https:\/\/schema.org","@graph":[{"@type":"WebPage","@id":"https:\/\/urbyser.com\/producto\/banco-madera-personalizable\/","url":"https:\/\/urbyser.com\/producto\/banco-madera-personalizable\/","name":"Banco madera personalizable - Urbyser","isPartOf":{"@id":"https:\/\/urbyser.com\/#website"},"datePublished":"2025-02-26T07:49:10+00:00","dateModified":"2025-03-03T16:11:28+00:00","breadcrumb":{"@id":"https:\/\/urbyser.com\/producto\/banco-madera-personalizable\/#breadcrumb"},"inLanguage":"en-US","potentialAction":[{"@type":"ReadAction","target":["https:\/\/urbyser.com\/producto\/banco-madera-personalizable\/"]}]},{"@type":"BreadcrumbList","@id":"https:\/\/urbyser.com\/producto\/banco-madera-personalizable\/#breadcrumb","itemListElement":[{"@type":"ListItem","position":1,"name":"Portada","item":"https:\/\/urbyser.com\/en\/"},{"@type":"ListItem","position":2,"name":"Shop","item":"https:\/\/urbyser.com\/en\/shop\/"},{"@type":"ListItem","position":3,"name":"Banco madera personalizable"}]},{"@type":"WebSite","@id":"https:\/\/urbyser.com\/#website","url":"https:\/\/urbyser.com\/","name":"Urbyser","description":"","publisher":{"@id":"https:\/\/urbyser.com\/#organization"},"potentialAction":[{"@type":"SearchAction","target":{"@type":"EntryPoint","urlTemplate":"https:\/\/urbyser.com\/?s={search_term_string}"},"query-input":"required name=search_term_string"}],"inLanguage":"en-US"},{"@type":"Organization","@id":"https:\/\/urbyser.com\/#organization","name":"Urbyser","url":"https:\/\/urbyser.com\/","logo":{"@type":"ImageObject","inLanguage":"en-US","@id":"https:\/\/urbyser.com\/#\/schema\/logo\/image\/","url":"https:\/\/urbyser.com\/wp-content\/uploads\/2023\/08\/04_logo.png","contentUrl":"https:\/\/urbyser.com\/wp-content\/uploads\/2023\/08\/04_logo.png","width":224,"height":39,"caption":"Urbyser"},"image":{"@id":"https:\/\/urbyser.com\/#\/schema\/logo\/image\/"}}]}},"_links":{"self":[{"href":"https:\/\/urbyser.com\/en\/wp-json\/wp\/v2\/product\/7452","targetHints":{"allow":["GET"]}}],"collection":[{"href":"https:\/\/urbyser.com\/en\/wp-json\/wp\/v2\/product"}],"about":[{"href":"https:\/\/urbyser.com\/en\/wp-json\/wp\/v2\/types\/product"}],"version-history":[{"count":1,"href":"https:\/\/urbyser.com\/en\/wp-json\/wp\/v2\/product\/7452\/revisions"}],"predecessor-version":[{"id":7456,"href":"https:\/\/urbyser.com\/en\/wp-json\/wp\/v2\/product\/7452\/revisions\/7456"}],"wp:featuredmedia":[{"embeddable":true,"href":"https:\/\/urbyser.com\/en\/wp-json\/wp\/v2\/media\/7466"}],"wp:attachment":[{"href":"https:\/\/urbyser.com\/en\/wp-json\/wp\/v2\/media?parent=7452"}],"wp:term":[{"taxonomy":"product_brand","embeddable":true,"href":"https:\/\/urbyser.com\/en\/wp-json\/wp\/v2\/product_brand?post=7452"},{"taxonomy":"product_cat","embeddable":true,"href":"https:\/\/urbyser.com\/en\/wp-json\/wp\/v2\/product_cat?post=7452"},{"taxonomy":"product_tag","embeddable":true,"href":"https:\/\/urbyser.com\/en\/wp-json\/wp\/v2\/product_tag?post=7452"}],"curies":[{"name":"wp","href":"https:\/\/api.w.org\/{rel}","templated":true}]}}